{"id":145,"date":"2020-04-06T14:03:36","date_gmt":"2020-04-06T14:03:36","guid":{"rendered":"http:\/\/kanzlei-laarmann.de\/?page_id=145"},"modified":"2025-01-07T11:10:33","modified_gmt":"2025-01-07T11:10:33","slug":"vita","status":"publish","type":"page","link":"https:\/\/kanzlei-laarmann.de\/?page_id=145","title":{"rendered":"Vita"},"content":{"rendered":"\r\n<p><strong>Jessica Laarmann<\/strong><\/p>\r\n\r\n\r\n\r\n<p><strong>Rechtsanw\u00e4ltin<\/strong><\/p>\r\n<p><strong>Fachanw\u00e4ltin f\u00fcr Strafrecht<\/strong><\/p>\r\n\r\n<p>&nbsp;<\/p>\r\n\r\n<p><strong>Werdegang<\/strong><\/p>\r\n\r\n\r\n\r\n<ul class=\"wp-block-list\">\r\n<li>Abitur in Gladbeck<\/li>\r\n\r\n\r\n\r\n<li>2009-2015: Studium der Rechtswissenschaften an der Ruhr Universit\u00e4t Bochum<\/li>\r\n\r\n\r\n\r\n<li>2016-2018: Referendariat am Landgericht Essen<\/li>\r\n\r\n\r\n\r\n<li>April 2018: Zulassung zur Rechtsanwaltschaft<\/li>\r\n\r\n\r\n\r\n<li>Februar 2023: Fachanw\u00e4ltin f\u00fcr Strafrecht<\/li>\r\n<\/ul>\r\n\r\n\r\n\r\n<p><strong>T\u00e4tigkeitsschwerpunkte als Rechtsanw\u00e4ltin<\/strong><\/p>\r\n\r\n\r\n\r\n<ul class=\"wp-block-list\">\r\n<li>Strafrecht<\/li>\r\n\r\n\r\n\r\n<li>Ordnungswidrigkeitenrecht<\/li>\r\n<\/ul>\r\n\r\n\r\n\r\n<p><strong>Mitgliedschaften<\/strong><\/p>\r\n\r\n\r\n\r\n<p>Mitglied im Anwaltverein Gladbeck e.V.<\/p>\r\n\r\n\r\n\r\n<p>Deutscher Anwaltverein<\/p>\r\n","protected":false},"excerpt":{"rendered":"<p>Jessica Laarmann Rechtsanw\u00e4ltin Fachanw\u00e4ltin f\u00fcr Strafrecht &nbsp; Werdegang T\u00e4tigkeitsschwerpunkte als Rechtsanw\u00e4ltin Mitgliedschaften Mitglied im Anwaltverein Gladbeck e.V. Deutscher Anwaltverein<\/p>\n","protected":false},"author":1,"featured_media":148,"parent":0,"menu_order":0,"comment_status":"closed","ping_status":"closed","template":"","meta":{"footnotes":""},"class_list":["post-145","page","type-page","status-publish","has-post-thumbnail","hentry"],"jetpack_sharing_enabled":true,"_links":{"self":[{"href":"https:\/\/kanzlei-laarmann.de\/index.php?rest_route=\/wp\/v2\/pages\/145","targetHints":{"allow":["GET"]}}],"collection":[{"href":"https:\/\/kanzlei-laarmann.de\/index.php?rest_route=\/wp\/v2\/pages"}],"about":[{"href":"https:\/\/kanzlei-laarmann.de\/index.php?rest_route=\/wp\/v2\/types\/page"}],"author":[{"embeddable":true,"href":"https:\/\/kanzlei-laarmann.de\/index.php?rest_route=\/wp\/v2\/users\/1"}],"replies":[{"embeddable":true,"href":"https:\/\/kanzlei-laarmann.de\/index.php?rest_route=%2Fwp%2Fv2%2Fcomments&post=145"}],"version-history":[{"count":7,"href":"https:\/\/kanzlei-laarmann.de\/index.php?rest_route=\/wp\/v2\/pages\/145\/revisions"}],"predecessor-version":[{"id":429,"href":"https:\/\/kanzlei-laarmann.de\/index.php?rest_route=\/wp\/v2\/pages\/145\/revisions\/429"}],"wp:featuredmedia":[{"embeddable":true,"href":"https:\/\/kanzlei-laarmann.de\/index.php?rest_route=\/wp\/v2\/media\/148"}],"wp:attachment":[{"href":"https:\/\/kanzlei-laarmann.de\/index.php?rest_route=%2Fwp%2Fv2%2Fmedia&parent=145"}],"curies":[{"name":"wp","href":"https:\/\/api.w.org\/{rel}","templated":true}]}}