{"id":7,"date":"2020-03-02T11:21:37","date_gmt":"2020-03-02T11:21:37","guid":{"rendered":"http:\/\/kanzlei-laarmann.de\/?page_id=7"},"modified":"2026-04-29T06:59:15","modified_gmt":"2026-04-29T06:59:15","slug":"impressum","status":"publish","type":"page","link":"https:\/\/kanzlei-laarmann.de\/?page_id=7","title":{"rendered":"Impressum"},"content":{"rendered":"\r\n<ul class=\"wp-block-list\">\r\n<li>Kanzlei Laarmann<\/li>\r\n\r\n\r\n\r\n<li>Diepenbrockstr. 42<\/li>\r\n\r\n\r\n\r\n<li>45968 Gladbeck<\/li>\r\n\r\n\r\n\r\n<li>Tel.: 02043\/30030<\/li>\r\n<li>Zweigstelle: Arminstr. 14-16, 45879 Gelsenkirchen<\/li>\r\n\r\n\r\n<\/ul>\r\n\r\n\r\n\r\n<p class=\"wp-block-paragraph\">E-Mail: info@kanzlei-laarmann.de<\/p>\r\n\r\n\r\n\r\n<p class=\"wp-block-paragraph\">Die EU-Kommission hat eine Internetplattform zur Online-Beilegung von Streitigkeiten (\u201eOS-Plattform\u201c) zwischen Unternehmern und Verbrauchern eingerichtet. Die OS-Plattform ist erreichbar unter <a href=\"https:\/\/ec.europa.eu\/consumers\/odr\" target=\"_blank\" rel=\"noreferrer noopener\">https:\/\/ec.europa.eu\/consumers\/odr<\/a>.\u00a0Wir sind nicht bereit und nicht verpflichtet, an einem Streitbeilegungsverfahren vor einer Verbraucherschlichtungsstelle teilzunehmen.<\/p>\r\n\r\n\r\n\r\n<p class=\"wp-block-paragraph\"><strong>Umsatzsteuer-Identifikationsnummer<\/strong><br \/>DE318181860<\/p>\r\n\r\n\r\n\r\n<p class=\"wp-block-paragraph\">I<strong>nhaltlich verantwortlich i.S.v. \u00a7 55 Abs. 2 RStV<\/strong><br \/>Jessica Laarmann, Diepenbrockstr. 42, 45968 Gladbeck<\/p>\r\n\r\n\r\n\r\n<p class=\"wp-block-paragraph\"><strong>Verm\u00f6gensschadens-Haftpflichtversicherung<\/strong><br \/>Rechtsanw\u00e4ltinnen und Rechtsanw\u00e4lte sind aufgrund der gesetzlichen Bestimmungen der Bundesrechtsanwaltsordnung nach \u00a7 51 BRAO verpflichtet eine Berufshaftpflichtversicherung in H\u00f6he einer Mindestversicherungssumme von 250.000,00 \u20ac je Rechtsschutzfall zu unterhalten. Weitergehende Informationen k\u00f6nnen \u00a7 51 BRAO entnommen werden.<\/p>\r\n\r\n\r\n\r\n<p class=\"wp-block-paragraph\">R+V Allgemeine Versicherung AG, Mittlerer Pfad 24, 70499 Stuttgart<\/p>\r\n\r\n\r\n\r\n<p class=\"wp-block-paragraph\"><br \/><br \/><strong>Zust\u00e4ndige Kammer:<\/strong> <br \/>Rechtsanwaltskammer Hamm, Ostenallee 18, 59063 Hamm<\/p>\r\n\r\n\r\n\r\n<p class=\"wp-block-paragraph\"><strong>Be\u00adrufs\u00adbe\u00adzeich\u00adnung: <\/strong><\/p>\r\n\r\n\r\n\r\n<p class=\"wp-block-paragraph\">Rechts\u00adan\u00adw\u00e4l\u00adtin, ver\u00adlie\u00adhen in der Bun\u00addes\u00adre\u00adpu\u00adblik Deutsch\u00adland<\/p>\r\n\r\n\r\n\r\n<p class=\"wp-block-paragraph\">Fachanw\u00e4ltin f\u00fcr Strafrecht<\/p>\r\n\r\n\r\n\r\n<p class=\"wp-block-paragraph\"><strong>Es gelten die folgenden berufsrechtlichen Regelungen:<\/strong><\/p>\r\n\r\n\r\n\r\n<ul class=\"wp-block-list\">\r\n<li>Bundesrechtsanwaltsordnung (BRAO)<\/li>\r\n\r\n\r\n\r\n<li>Fachanwaltsordnung (FO)<\/li>\r\n\r\n\r\n\r\n<li>Rechtsanwaltsverg\u00fctungsgesetz (RVG)<\/li>\r\n\r\n\r\n\r\n<li>Berufsordnung f\u00fcr Rechtsanw\u00e4lte (BORA)<\/li>\r\n\r\n\r\n\r\n<li>Die Re\u00adge\u00adlun\u00adgen k\u00f6n\u00adnen bei der Bun\u00addes\u00adrechts\u00adan\u00adwalts\u00adkam\u00admer unter\u00a0<a href=\"http:\/\/www.brak.de\" target=\"_blank\" rel=\"noreferrer noopener\">www.\u200bbrak.\u200bde<\/a>\u00a0ein\u00adge\u00adse\u00adhen wer\u00adden.<\/li>\r\n<\/ul>\r\n\r\n\r\n\r\n<p class=\"wp-block-paragraph\"><strong>Online-Streitschlichtung:<\/strong><br \/>Bei Streitigkeiten zwischen Rechtsanw\u00e4lten und ihren Auftraggebern besteht auf Antrag die M\u00f6glichkeit der au\u00dfergerichtlichen Streitschlichtung bei der regionalen Rechtsanwaltskammer (gem\u00e4\u00df \u00a7 73 Abs. 2 Nr. 3 i.V.m. \u00a7 73 Abs. 5 BRAO) oder bei der Schlichtungsstelle der Rechtsanwaltschaft (\u00a7 191f. BRAO) bei der Bundesrechtsanwaltskammer, im Internet zu finden \u00fcber die Webseite der Bundesrechtsanwaltskammer (www.brak.de) in der Rubrik \u201eSchlichtungsstelle der Rechtsanwaltschaft\u201c, E-Mail: schlichtungsstelle@s-d-r.org<\/p>\r\n\r\n\r\n\r\n<p class=\"wp-block-paragraph\">Die Plattform zur Online-Streitbeilegung (OS-Plattform) der Europ\u00e4ischen Kommission erreichen Sie unter: <a href=\"https:\/\/ec.europa.eu\/consumers\/odr\/\" target=\"_blank\" rel=\"noreferrer noopener\">ec.europa.eu<\/a><\/p>\r\n","protected":false},"excerpt":{"rendered":"<p>E-Mail: info@kanzlei-laarmann.de Die EU-Kommission hat eine Internetplattform zur Online-Beilegung von Streitigkeiten (\u201eOS-Plattform\u201c) zwischen Unternehmern und Verbrauchern eingerichtet. Die OS-Plattform ist erreichbar unter https:\/\/ec.europa.eu\/consumers\/odr.\u00a0Wir sind nicht bereit und nicht verpflichtet, an einem Streitbeilegungsverfahren vor einer Verbraucherschlichtungsstelle teilzunehmen. Umsatzsteuer-IdentifikationsnummerDE318181860 Inhaltlich verantwortlich i.S.v. &hellip; <\/p>\n","protected":false},"author":1,"featured_media":0,"parent":0,"menu_order":0,"comment_status":"closed","ping_status":"closed","template":"","meta":{"_crdt_document":"","footnotes":""},"class_list":["post-7","page","type-page","status-publish","hentry"],"jetpack_sharing_enabled":true,"_links":{"self":[{"href":"https:\/\/kanzlei-laarmann.de\/index.php?rest_route=\/wp\/v2\/pages\/7","targetHints":{"allow":["GET"]}}],"collection":[{"href":"https:\/\/kanzlei-laarmann.de\/index.php?rest_route=\/wp\/v2\/pages"}],"about":[{"href":"https:\/\/kanzlei-laarmann.de\/index.php?rest_route=\/wp\/v2\/types\/page"}],"author":[{"embeddable":true,"href":"https:\/\/kanzlei-laarmann.de\/index.php?rest_route=\/wp\/v2\/users\/1"}],"replies":[{"embeddable":true,"href":"https:\/\/kanzlei-laarmann.de\/index.php?rest_route=%2Fwp%2Fv2%2Fcomments&post=7"}],"version-history":[{"count":7,"href":"https:\/\/kanzlei-laarmann.de\/index.php?rest_route=\/wp\/v2\/pages\/7\/revisions"}],"predecessor-version":[{"id":579,"href":"https:\/\/kanzlei-laarmann.de\/index.php?rest_route=\/wp\/v2\/pages\/7\/revisions\/579"}],"wp:attachment":[{"href":"https:\/\/kanzlei-laarmann.de\/index.php?rest_route=%2Fwp%2Fv2%2Fmedia&parent=7"}],"curies":[{"name":"wp","href":"https:\/\/api.w.org\/{rel}","templated":true}]}}